{"id":17211,"date":"2023-02-22T21:54:34","date_gmt":"2023-02-22T21:54:34","guid":{"rendered":"https:\/\/young-leaders.net\/feedback"},"modified":"2023-02-22T21:54:39","modified_gmt":"2023-02-22T21:54:39","slug":"feedback","status":"publish","type":"page","link":"https:\/\/young-leaders.net\/en\/feedback","title":{"rendered":"Feedback"},"content":{"rendered":"<section class=\"l-section wpb_row us_custom_1fa4467a height_large width_full color_primary with_slider\"><div class=\"l-section-slider\"><div class=\"w-slider style_none fit_cover nav_none count_3\"><div class=\"w-slider-h\" aria-hidden=\"true\"><div class=\"royalSlider\"><div class=\"rsContent\"><a class=\"rsImg\" data-rsw=\"1920\" data-rsh=\"300\" href=\"https:\/\/young-leaders.net\/wp-content\/uploads\/2022\/10\/veranstaltungen-header-1.png\"><span data-alt=\"\"><\/span><\/a><\/div><div class=\"rsContent\"><a class=\"rsImg\" data-rsw=\"1920\" data-rsh=\"300\" href=\"https:\/\/young-leaders.net\/wp-content\/uploads\/2022\/10\/veranstaltungen-header-2.png\"><span data-alt=\"\"><\/span><\/a><\/div><div class=\"rsContent\"><a class=\"rsImg\" data-rsw=\"1920\" data-rsh=\"300\" href=\"https:\/\/young-leaders.net\/wp-content\/uploads\/2022\/10\/veranstaltungen-header-3.png\"><span data-alt=\"\"><\/span><\/a><\/div><\/div><img decoding=\"async\" src=\"https:\/\/young-leaders.net\/wp-content\/uploads\/2022\/10\/veranstaltungen-header-1.png\" width=\"1920\" height=\"300\" alt loading=\"lazy\"><\/div><div class=\"w-slider-json\" onclick='return {&quot;autoScaleSlider&quot;:true,&quot;addActiveClass&quot;:true,&quot;loop&quot;:true,&quot;fadeInLoadedSlide&quot;:false,&quot;slidesSpacing&quot;:0,&quot;imageScalePadding&quot;:0,&quot;numImagesToPreload&quot;:2,&quot;arrowsNav&quot;:false,&quot;arrowsNavAutoHide&quot;:false,&quot;transitionType&quot;:&quot;fade&quot;,&quot;transitionSpeed&quot;:1000,&quot;block&quot;:{&quot;moveEffect&quot;:&quot;none&quot;,&quot;speed&quot;:300},&quot;thumbs&quot;:{&quot;fitInViewport&quot;:false,&quot;firstMargin&quot;:false,&quot;spacing&quot;:4},&quot;controlNavigation&quot;:&quot;none&quot;,&quot;autoplay&quot;:{&quot;enabled&quot;:true,&quot;pauseOnHover&quot;:false,&quot;delay&quot;:3000},&quot;autoScaleSliderWidth&quot;:1920,&quot;autoScaleSliderHeight&quot;:300}'><\/div><\/div><\/div><div class=\"l-section-h i-cf\"><div class=\"g-cols vc_row via_grid cols_1 laptops-cols_inherit tablets-cols_inherit mobiles-cols_1 valign_middle type_default stacking_default\"><div class=\"wpb_column vc_column_container\"><div class=\"vc_column-inner\"><div class=\"wpb_text_column\"><div class=\"wpb_wrapper\"><h2 style=\"text-align: center;\"><span class=\"headingGreenBG\">Confirmation of the commitment<\/span><\/h2>\n<\/div><\/div><\/div><\/div><\/div><\/div><\/section><section class=\"l-section wpb_row height_medium width_full\"><div class=\"l-section-h i-cf\"><div class=\"g-cols vc_row via_grid cols_1 laptops-cols_inherit tablets-cols_inherit mobiles-cols_1 valign_top type_default stacking_default\"><div class=\"wpb_column vc_column_container\"><div class=\"vc_column-inner\"><div class=\"wpb_text_column us_custom_eb849559\"><div class=\"wpb_wrapper\"><h4>Please select which event you would like to confirm your commitment to:<\/h4>\n<\/div><\/div><section class=\"l-section wpb_row height_medium width_full\"><div class=\"l-section-h i-cf\"><div class=\"g-cols vc_row via_grid cols_1 laptops-cols_inherit tablets-cols_inherit mobiles-cols_1 valign_top type_default stacking_default\"><div class=\"wpb_column vc_column_container\"><div class=\"vc_column-inner\"><div class=\"g-cols wpb_row us_custom_ecd3b896 via_grid cols_3 laptops-cols_inherit tablets-cols_inherit mobiles-cols_1 valign_top type_default stacking_default\" style=\"--columns-gap:2rem;\"><div class=\"wpb_column vc_column_container\"><div class=\"vc_column-inner\"><div class=\"w-ibanner animation_phorcys ratio_3x2 easing_ease\"><a href=\"https:\/\/young-leaders.net\/rueckmeldung\/young-leaders-akademie\" aria-label=\"To feedback:young leaders academy \"><\/a><div class=\"w-ibanner-h\"><div class=\"w-ibanner-image\" style=\"background-image: url(https:\/\/young-leaders.net\/wp-content\/uploads\/2022\/10\/young-leaders-Akademie.jpg)\"><\/div><div class=\"w-ibanner-content\"><div class=\"w-ibanner-content-h\"><p class=\"w-ibanner-title\" style=\"font-size:1.2rem;\">To feedback:young leaders academy <\/p><div class=\"w-ibanner-desc\"><p>derzeit keine R\u00fcckmelsung m\u00f6glich<\/p>\n<\/div><\/div><\/div><\/div><\/div><\/div><\/div><div class=\"wpb_column vc_column_container\"><div class=\"vc_column-inner\"><div class=\"w-ibanner animation_phorcys ratio_3x2 easing_ease\"><a title=\"jugend presse kongress\" href=\"https:\/\/young-leaders.net\/rueckmeldung\/jugend-presse-kongress\" aria-label=\"To feedback:youth press congress \"><\/a><div class=\"w-ibanner-h\"><div class=\"w-ibanner-image\" style=\"background-image: url(https:\/\/young-leaders.net\/wp-content\/uploads\/2022\/11\/3-scaled.jpg)\"><\/div><div class=\"w-ibanner-content\"><div class=\"w-ibanner-content-h\"><p class=\"w-ibanner-title\" style=\"font-size:1.2rem;\">To feedback:youth press congress <\/p><div class=\"w-ibanner-desc\"><p>derzeit keine R\u00fcckmelsung m\u00f6glich<\/p>\n<\/div><\/div><\/div><\/div><\/div><\/div><\/div><div class=\"wpb_column vc_column_container\"><div class=\"vc_column-inner\"><div class=\"w-ibanner animation_phorcys ratio_3x2 easing_ease\"><a href=\"https:\/\/young-leaders.net\/rueckmeldung\/young-leaders-workshops\" aria-label=\"For feedback:young leaders workshops \"><\/a><div class=\"w-ibanner-h\"><div class=\"w-ibanner-image\" style=\"background-image: url(https:\/\/young-leaders.net\/wp-content\/uploads\/2022\/11\/12-ylW-Foto-ylW-Homeseite.jpg)\"><\/div><div class=\"w-ibanner-content\"><div class=\"w-ibanner-content-h\"><p class=\"w-ibanner-title\" style=\"font-size:1.2rem;\">For feedback:young leaders workshops <\/p><div class=\"w-ibanner-desc\"><p>in Frankfurt am Main und M\u00fcnchen<\/p>\n<\/div><\/div><\/div><\/div><\/div><\/div><\/div><\/div><div class=\"w-separator size_custom\" style=\"height:2rem\"><\/div><div class=\"g-cols wpb_row us_custom_ecd3b896 via_grid cols_3 laptops-cols_inherit tablets-cols_inherit mobiles-cols_1 valign_top type_default stacking_default\" style=\"--columns-gap:2rem;\"><div class=\"wpb_column vc_column_container\"><div class=\"vc_column-inner\"><div class=\"w-ibanner animation_phorcys ratio_3x2 easing_ease\"><a href=\"https:\/\/young-leaders.net\/rueckmeldung\/lateinakademie\" aria-label=\"For feedback: Latin Academy\"><\/a><div class=\"w-ibanner-h\"><div class=\"w-ibanner-image\" style=\"background-image: url(https:\/\/young-leaders.net\/wp-content\/uploads\/2022\/10\/lateinakademie.png)\"><\/div><div class=\"w-ibanner-content\"><div class=\"w-ibanner-content-h\"><p class=\"w-ibanner-title\" style=\"font-size:1.2rem;\">For feedback: Latin Academy<\/p><div class=\"w-ibanner-desc\"><p>derzeit keine R\u00fcckmelsung m\u00f6glich<\/p>\n<\/div><\/div><\/div><\/div><\/div><\/div><\/div><div class=\"wpb_column vc_column_container\"><div class=\"vc_column-inner\"><div class=\"w-ibanner animation_phorcys ratio_3x2 easing_ease\"><a title=\"Jugend-ZukunftsForum\" href=\"https:\/\/young-leaders.net\/rueckmeldung\/jugend-zukunftsforum\" aria-label=\"For feedback:Youth Future Forum \"><\/a><div class=\"w-ibanner-h\"><div class=\"w-ibanner-image\" style=\"background-image: url(https:\/\/young-leaders.net\/wp-content\/uploads\/2022\/11\/20-News.jpg)\"><\/div><div class=\"w-ibanner-content\"><div class=\"w-ibanner-content-h\"><p class=\"w-ibanner-title\" style=\"font-size:1.2rem;\">For feedback:Youth Future Forum <\/p><div class=\"w-ibanner-desc\"><p>derzeit keine R\u00fcckmelsung m\u00f6glich<\/p>\n<\/div><\/div><\/div><\/div><\/div><\/div><\/div><div class=\"wpb_column vc_column_container\"><div class=\"vc_column-inner\"><div class=\"w-ibanner animation_phorcys ratio_3x2 easing_ease\"><a title=\"Philosophieakademie\" href=\"https:\/\/young-leaders.net\/rueckmeldung\/philosophieakademie\" aria-label=\"For feedback: Academy of Philosophy\"><\/a><div class=\"w-ibanner-h\"><div class=\"w-ibanner-image\" style=\"background-image: url(https:\/\/young-leaders.net\/wp-content\/uploads\/2022\/10\/philosophieakademie.png)\"><\/div><div class=\"w-ibanner-content\"><div class=\"w-ibanner-content-h\"><p class=\"w-ibanner-title\" style=\"font-size:1.2rem;\">For feedback: Academy of Philosophy<\/p><div class=\"w-ibanner-desc\"><p>derzeit keine R\u00fcckmelsung m\u00f6glich<\/p>\n<\/div><\/div><\/div><\/div><\/div><\/div><\/div><\/div><\/div><\/div><\/div><\/div><\/section>\n<\/div><\/div><\/div><\/div><\/section>\n","protected":false},"excerpt":{"rendered":"Confirmation of the commitment Please select which event you would like to confirm your commitment to: To feedback:young leaders academy derzeit keine R\u00fcckmelsung m\u00f6glich To feedback:youth press congress derzeit keine R\u00fcckmelsung m\u00f6glich For feedback:young leaders workshops in Frankfurt am Main und M\u00fcnchen For feedback: Latin Academyderzeit keine R\u00fcckmelsung m\u00f6glich For feedback:Youth Future Forum derzeit keine...","protected":false},"author":3,"featured_media":0,"parent":0,"menu_order":0,"comment_status":"closed","ping_status":"closed","template":"","meta":{"footnotes":""},"class_list":["post-17211","page","type-page","status-publish","hentry"],"_links":{"self":[{"href":"https:\/\/young-leaders.net\/en\/wp-json\/wp\/v2\/pages\/17211","targetHints":{"allow":["GET"]}}],"collection":[{"href":"https:\/\/young-leaders.net\/en\/wp-json\/wp\/v2\/pages"}],"about":[{"href":"https:\/\/young-leaders.net\/en\/wp-json\/wp\/v2\/types\/page"}],"author":[{"embeddable":true,"href":"https:\/\/young-leaders.net\/en\/wp-json\/wp\/v2\/users\/3"}],"replies":[{"embeddable":true,"href":"https:\/\/young-leaders.net\/en\/wp-json\/wp\/v2\/comments?post=17211"}],"version-history":[{"count":2,"href":"https:\/\/young-leaders.net\/en\/wp-json\/wp\/v2\/pages\/17211\/revisions"}],"predecessor-version":[{"id":17213,"href":"https:\/\/young-leaders.net\/en\/wp-json\/wp\/v2\/pages\/17211\/revisions\/17213"}],"wp:attachment":[{"href":"https:\/\/young-leaders.net\/en\/wp-json\/wp\/v2\/media?parent=17211"}],"curies":[{"name":"wp","href":"https:\/\/api.w.org\/{rel}","templated":true}]}}