{"id":17230,"date":"2023-02-22T22:19:33","date_gmt":"2023-02-22T22:19:33","guid":{"rendered":"https:\/\/young-leaders.net\/feedback\/feedback-young-leaders-workshops"},"modified":"2023-04-20T09:13:59","modified_gmt":"2023-04-20T09:13:59","slug":"feedback-young-leaders-workshops","status":"publish","type":"page","link":"https:\/\/young-leaders.net\/en\/feedback\/feedback-young-leaders-workshops","title":{"rendered":"Feedback young leaders workshops"},"content":{"rendered":"<section class=\"l-section wpb_row us_custom_e28183d5 hide_on_mobiles height_large color_primary with_slider\"><div class=\"l-section-slider\"><div class=\"w-slider style_none fit_cover nav_none count_5\"><div class=\"w-slider-h\" aria-hidden=\"true\"><div class=\"royalSlider\"><div class=\"rsContent\"><a class=\"rsImg\" data-rsw=\"1920\" data-rsh=\"300\" href=\"https:\/\/young-leaders.net\/wp-content\/uploads\/2022\/10\/young-leaders-workshops-header-1.png\"><span data-alt=\"\"><\/span><\/a><\/div><div class=\"rsContent\"><a class=\"rsImg\" data-rsw=\"1920\" data-rsh=\"300\" href=\"https:\/\/young-leaders.net\/wp-content\/uploads\/2022\/10\/young-leaders-workshops-header-2.png\"><span data-alt=\"\"><\/span><\/a><\/div><div class=\"rsContent\"><a class=\"rsImg\" data-rsw=\"1920\" data-rsh=\"300\" href=\"https:\/\/young-leaders.net\/wp-content\/uploads\/2022\/10\/young-leaders-workshops-header-3.png\"><span data-alt=\"\"><\/span><\/a><\/div><div class=\"rsContent\"><a class=\"rsImg\" data-rsw=\"1920\" data-rsh=\"300\" href=\"https:\/\/young-leaders.net\/wp-content\/uploads\/2022\/11\/12-ylW.jpg\"><span data-alt=\"\"><\/span><\/a><\/div><div class=\"rsContent\"><a class=\"rsImg\" data-rsw=\"1920\" data-rsh=\"300\" href=\"https:\/\/young-leaders.net\/wp-content\/uploads\/2022\/11\/15-ylW.jpg\"><span data-alt=\"\"><\/span><\/a><\/div><\/div><img decoding=\"async\" src=\"https:\/\/young-leaders.net\/wp-content\/uploads\/2022\/10\/young-leaders-workshops-header-1.png\" width=\"1920\" height=\"300\" alt loading=\"lazy\"><\/div><div class=\"w-slider-json\" onclick='return {&quot;autoScaleSlider&quot;:true,&quot;addActiveClass&quot;:true,&quot;loop&quot;:true,&quot;fadeInLoadedSlide&quot;:false,&quot;slidesSpacing&quot;:0,&quot;imageScalePadding&quot;:0,&quot;numImagesToPreload&quot;:2,&quot;arrowsNav&quot;:false,&quot;arrowsNavAutoHide&quot;:false,&quot;transitionType&quot;:&quot;fade&quot;,&quot;transitionSpeed&quot;:1000,&quot;block&quot;:{&quot;moveEffect&quot;:&quot;none&quot;,&quot;speed&quot;:300},&quot;thumbs&quot;:{&quot;fitInViewport&quot;:false,&quot;firstMargin&quot;:false,&quot;spacing&quot;:4},&quot;controlNavigation&quot;:&quot;none&quot;,&quot;autoplay&quot;:{&quot;enabled&quot;:true,&quot;pauseOnHover&quot;:false,&quot;delay&quot;:3000},&quot;autoScaleSliderWidth&quot;:1920,&quot;autoScaleSliderHeight&quot;:300}'><\/div><\/div><\/div><div class=\"l-section-h i-cf\"><div class=\"g-cols vc_row via_grid cols_1 laptops-cols_inherit tablets-cols_inherit mobiles-cols_1 valign_middle type_default stacking_default\"><div class=\"wpb_column vc_column_container\"><div class=\"vc_column-inner\"><div class=\"wpb_text_column\"><div class=\"wpb_wrapper\"><h2><span class=\"headingGreenBG\">young leaders workshops<\/span><\/h2>\n<\/div><\/div><\/div><\/div><\/div><\/div><\/section><section class=\"l-section wpb_row height_medium\"><div class=\"l-section-h i-cf\"><div class=\"g-cols vc_row via_grid cols_2-1 laptops-cols_inherit tablets-cols_inherit mobiles-cols_1 valign_top type_default stacking_default\"><div class=\"wpb_column vc_column_container\"><div class=\"vc_column-inner\"><div class=\"wpforms-container \" id=\"wpforms-17189\"><form id=\"wpforms-form-17189\" class=\"wpforms-validate wpforms-form wpforms-ajax-form\" data-formid=\"17189\" method=\"post\" enctype=\"multipart\/form-data\" action=\"\/en\/wp-json\/wp\/v2\/pages\/17230?wpforms_form_id=17189\" data-token=\"cd4ec77a2ac8d2a6b7a23b9145879102\" data-token-time=\"1776283720\"><noscript class=\"wpforms-error-noscript\">Please enable JavaScript in your browser to complete this form.<\/noscript><div class=\"wpforms-field-container\"><div id=\"wpforms-17189-field_4-container\" class=\"wpforms-field wpforms-field-select wpforms-conditional-trigger wpforms-field-select-style-classic\" data-field-id=\"4\"><label class=\"wpforms-field-label\" for=\"wpforms-17189-field_4\">Zu welchem Workshop hast Du eine Zusage erhalten? <span class=\"wpforms-required-label\">*<\/span><\/label><select id=\"wpforms-17189-field_4\" class=\"wpforms-field-large wpforms-field-required\" name=\"wpforms[fields][4]\" required=\"required\"><option value=\"\" class=\"placeholder\" disabled  selected='selected'>Workshop ausw\u00e4hlen<\/option><option value=\"young leaders Workshop am 20. - 22. M\u00e4rz 2026 in Hannover\"  class=\"choice-4 depth-1\"  >young leaders Workshop am 20. - 22. M\u00e4rz 2026 in Hannover<\/option><option value=\"young leaders Workshop am 20. - 22. M\u00e4rz 2026 in M\u00fcnchen\"  class=\"choice-3 depth-1\"  >young leaders Workshop am 20. - 22. M\u00e4rz 2026 in M\u00fcnchen<\/option><\/select><\/div><div id=\"wpforms-17189-field_31-container\" class=\"wpforms-field wpforms-field-divider\" data-field-id=\"31\"><h3 id=\"wpforms-17189-field_31\">Stammdaten-Erfassung<\/h3><\/div><div id=\"wpforms-17189-field_14-container\" class=\"wpforms-field wpforms-field-layout\" data-field-id=\"14\"><div class=\"wpforms-field-layout-columns wpforms-field-layout-preset-50-50\"><div class=\"wpforms-layout-column wpforms-layout-column-50\" ><div id=\"wpforms-17189-field_50-container\" class=\"wpforms-field wpforms-field-select wpforms-field-select-style-classic\" data-field-id=\"50\"><label class=\"wpforms-field-label\" for=\"wpforms-17189-field_50\">Anrede <span class=\"wpforms-required-label\">*<\/span><\/label><select id=\"wpforms-17189-field_50\" class=\"wpforms-field-medium wpforms-field-required\" name=\"wpforms[fields][50]\" required=\"required\"><option value=\"Frau\"  class=\"choice-1 depth-1\"  >Frau<\/option><option value=\"Herr\"  class=\"choice-2 depth-1\"  >Herr<\/option><option value=\"Divers\"  class=\"choice-3 depth-1\"  >Divers<\/option><\/select><\/div><div id=\"wpforms-17189-field_12-container\" class=\"wpforms-field wpforms-field-text\" data-field-id=\"12\"><label class=\"wpforms-field-label\" for=\"wpforms-17189-field_12\">Nachname <span class=\"wpforms-required-label\">*<\/span><\/label><input type=\"text\" id=\"wpforms-17189-field_12\" class=\"wpforms-field-small wpforms-field-required\" name=\"wpforms[fields][12]\" required><\/div><div id=\"wpforms-17189-field_13-container\" class=\"wpforms-field wpforms-field-text\" data-field-id=\"13\"><label class=\"wpforms-field-label\" for=\"wpforms-17189-field_13\">Vorname <span class=\"wpforms-required-label\">*<\/span><\/label><input type=\"text\" id=\"wpforms-17189-field_13\" class=\"wpforms-field-medium wpforms-field-required\" name=\"wpforms[fields][13]\" required><\/div><\/div><div class=\"wpforms-layout-column wpforms-layout-column-50\" ><div id=\"wpforms-17189-field_6-container\" class=\"wpforms-field wpforms-field-email\" data-field-id=\"6\"><label class=\"wpforms-field-label\" for=\"wpforms-17189-field_6\">E-Mail <span class=\"wpforms-required-label\">*<\/span><\/label><input type=\"email\" id=\"wpforms-17189-field_6\" class=\"wpforms-field-medium wpforms-field-required\" name=\"wpforms[fields][6]\" spellcheck=\"false\" required><\/div><div id=\"wpforms-17189-field_15-container\" class=\"wpforms-field wpforms-field-phone\" data-field-id=\"15\"><label class=\"wpforms-field-label\" for=\"wpforms-17189-field_15\">Handynummer<\/label><input type=\"tel\" id=\"wpforms-17189-field_15\" class=\"wpforms-field-medium wpforms-smart-phone-field\" data-rule-smart-phone-field=\"true\" name=\"wpforms[fields][15]\" aria-label=\"Handynummer\" ><\/div><\/div><\/div><\/div><div id=\"wpforms-17189-field_32-container\" class=\"wpforms-field wpforms-field-divider wpforms-conditional-field wpforms-conditional-show\" data-field-id=\"32\" style=\"display:none;\"><h3 id=\"wpforms-17189-field_32\">Teilnahmebest\u00e4tigung<\/h3><\/div><div id=\"wpforms-17189-field_48-container\" class=\"wpforms-field wpforms-field-checkbox wpforms-conditional-field wpforms-conditional-show\" data-field-id=\"48\" style=\"display:none;\"><label class=\"wpforms-field-label\">Teilnahmebest\u00e4tigung <span class=\"wpforms-required-label\">*<\/span><\/label><ul id=\"wpforms-17189-field_48\" class=\"wpforms-field-required\"><li class=\"choice-3 depth-1\"><input type=\"checkbox\" id=\"wpforms-17189-field_48_3\" name=\"wpforms[fields][48][]\" value=\"Hiermit best\u00e4tige ich meine &lt;b&gt; verbindliche Teilnahme &lt;\/b&gt;am young leaders Workshop &quot;Wirtschaft, Philosophie, Nachhaltigkeit&quot; am 20. - 22. M\u00e4rz 2026 in Hannover.\" required ><label class=\"wpforms-field-label-inline\" for=\"wpforms-17189-field_48_3\">Hiermit best\u00e4tige ich meine <b> verbindliche Teilnahme <\/b>am young leaders Workshop \"Wirtschaft, Philosophie, Nachhaltigkeit\" am 20. - 22. M\u00e4rz 2026 in Hannover.<\/label><\/li><\/ul><\/div><div id=\"wpforms-17189-field_49-container\" class=\"wpforms-field wpforms-field-checkbox wpforms-conditional-field wpforms-conditional-show\" data-field-id=\"49\" style=\"display:none;\"><label class=\"wpforms-field-label\">Teilnahmebest\u00e4tigung <span class=\"wpforms-required-label\">*<\/span><\/label><ul id=\"wpforms-17189-field_49\" class=\"wpforms-field-required\"><li class=\"choice-3 depth-1\"><input type=\"checkbox\" id=\"wpforms-17189-field_49_3\" name=\"wpforms[fields][49][]\" value=\"Hiermit best\u00e4tige ich meine &lt;b&gt; verbindliche Teilnahme &lt;\/b&gt;am young leaders Workshop &quot;Wirtschaft, Philosophie, Nachhaltigkeit&quot; am 20. - 22. M\u00e4rz 2026 in M\u00fcnchen.\" required ><label class=\"wpforms-field-label-inline\" for=\"wpforms-17189-field_49_3\">Hiermit best\u00e4tige ich meine <b> verbindliche Teilnahme <\/b>am young leaders Workshop \"Wirtschaft, Philosophie, Nachhaltigkeit\" am 20. - 22. M\u00e4rz 2026 in M\u00fcnchen.<\/label><\/li><\/ul><\/div><div id=\"wpforms-17189-field_34-container\" class=\"wpforms-field wpforms-field-divider\" data-field-id=\"34\"><h3 id=\"wpforms-17189-field_34\">Anreise<\/h3><div class=\"wpforms-field-description\">Zur Planung der Anreise bitten wir um Mitteilung, ob Du mit dem Fernverkehr oder dem Regionalverkehr anreisen wirst. <br \/>\nSofern m\u00f6glich und sinnvoll ist eine Anreise per Regionalverkehr vorzugsw\u00fcrdig.<\/div><\/div><div id=\"wpforms-17189-field_35-container\" class=\"wpforms-field wpforms-field-radio wpforms-conditional-trigger\" data-field-id=\"35\"><label class=\"wpforms-field-label\">Ich reise per... <span class=\"wpforms-required-label\">*<\/span><\/label><ul id=\"wpforms-17189-field_35\" class=\"wpforms-field-required\"><li class=\"choice-1 depth-1\"><input type=\"radio\" id=\"wpforms-17189-field_35_1\" name=\"wpforms[fields][35]\" value=\"... Fernverkehr an und nehme den &lt;a href=&quot;https:\/\/young-leaders.net\/fahrtkostenzuschuss&quot; target=&quot;blank&quot;&gt;Fahrtkostenzuschuss&lt;\/a&gt; in Anspruch.\" required ><label class=\"wpforms-field-label-inline\" for=\"wpforms-17189-field_35_1\">... Fernverkehr an und nehme den <a href=\"https:\/\/young-leaders.net\/fahrtkostenzuschuss\" target=\"blank\">Fahrtkostenzuschuss<\/a> in Anspruch.<\/label><\/li><li class=\"choice-2 depth-1\"><input type=\"radio\" id=\"wpforms-17189-field_35_2\" name=\"wpforms[fields][35]\" value=\"... Regionalverkehr an und l\u00f6se mir selbstst\u00e4ndig ein Regionalverkehrsticket, das mir gegen Vorlage des Belegs (max. EUR 63,00) auf der Veranstaltung erstattet wird.\" required ><label class=\"wpforms-field-label-inline\" for=\"wpforms-17189-field_35_2\">... Regionalverkehr an und l\u00f6se mir selbstst\u00e4ndig ein Regionalverkehrsticket, das mir gegen Vorlage des Belegs (max. EUR 63,00) auf der Veranstaltung erstattet wird.<\/label><\/li><li class=\"choice-3 depth-1\"><input type=\"radio\" id=\"wpforms-17189-field_35_3\" name=\"wpforms[fields][35]\" value=\"... Regionalverkehr an und besitze ein Semester-\/ Sch\u00fcler- \/ Deutschland-Ticket.\" required ><label class=\"wpforms-field-label-inline\" for=\"wpforms-17189-field_35_3\">... Regionalverkehr an und besitze ein Semester-\/ Sch\u00fcler- \/ Deutschland-Ticket.<\/label><\/li><li class=\"choice-4 depth-1\"><input type=\"radio\" id=\"wpforms-17189-field_35_4\" name=\"wpforms[fields][35]\" value=\"... Regionalverkehr an und erwerbe nach R\u00fccksprache mit dem young leaders Headquarters ein Deutschlandticket.\" required ><label class=\"wpforms-field-label-inline\" for=\"wpforms-17189-field_35_4\">... Regionalverkehr an und erwerbe nach R\u00fccksprache mit dem young leaders Headquarters ein Deutschlandticket.<\/label><\/li><\/ul><\/div><div id=\"wpforms-17189-field_46-container\" class=\"wpforms-field wpforms-field-layout\" data-field-id=\"46\"><div class=\"wpforms-field-layout-columns wpforms-field-layout-preset-50-50\"><div class=\"wpforms-layout-column wpforms-layout-column-50\" ><div id=\"wpforms-17189-field_45-container\" class=\"wpforms-field wpforms-field-text wpforms-conditional-field wpforms-conditional-show\" data-field-id=\"45\" style=\"display:none;\"><label class=\"wpforms-field-label\" for=\"wpforms-17189-field_45\">Abfahrtsbahnhof Hinfahrt <span class=\"wpforms-required-label\">*<\/span><\/label><input type=\"text\" id=\"wpforms-17189-field_45\" class=\"wpforms-field-medium wpforms-field-required\" name=\"wpforms[fields][45]\" required><\/div><\/div><div class=\"wpforms-layout-column wpforms-layout-column-50\" ><div id=\"wpforms-17189-field_47-container\" class=\"wpforms-field wpforms-field-text wpforms-conditional-field wpforms-conditional-show\" data-field-id=\"47\" style=\"display:none;\"><label class=\"wpforms-field-label\" for=\"wpforms-17189-field_47\">Zielbahnhof R\u00fcckfahrt <span class=\"wpforms-required-label\">*<\/span><\/label><input type=\"text\" id=\"wpforms-17189-field_47\" class=\"wpforms-field-medium wpforms-field-required\" name=\"wpforms[fields][47]\" required><\/div><\/div><\/div><\/div><div id=\"wpforms-17189-field_37-container\" class=\"wpforms-field wpforms-field-divider\" data-field-id=\"37\"><h3 id=\"wpforms-17189-field_37\">Verpflegungsw\u00fcnsche<\/h3><\/div><div id=\"wpforms-17189-field_39-container\" class=\"wpforms-field wpforms-field-layout\" data-field-id=\"39\"><div class=\"wpforms-field-layout-columns wpforms-field-layout-preset-50-50\"><div class=\"wpforms-layout-column wpforms-layout-column-50\" ><div id=\"wpforms-17189-field_38-container\" class=\"wpforms-field wpforms-field-select wpforms-field-select-style-classic\" data-field-id=\"38\"><label class=\"wpforms-field-label\" for=\"wpforms-17189-field_38\">Verpflegungswunsch<\/label><select id=\"wpforms-17189-field_38\" class=\"wpforms-field-medium\" name=\"wpforms[fields][38]\"><option value=\"\" class=\"placeholder\" disabled  selected='selected'>falls erforderlich, bitte ausw\u00e4hlen<\/option><option value=\"vegetarisch\"  class=\"choice-1 depth-1\"  >vegetarisch<\/option><option value=\"vegan\"  class=\"choice-2 depth-1\"  >vegan<\/option><option value=\"kein Schweinefleisch\"  class=\"choice-3 depth-1\"  >kein Schweinefleisch<\/option><\/select><\/div><\/div><div class=\"wpforms-layout-column wpforms-layout-column-50\" ><div id=\"wpforms-17189-field_40-container\" class=\"wpforms-field wpforms-field-text\" data-field-id=\"40\"><label class=\"wpforms-field-label\" for=\"wpforms-17189-field_40\">Lebensmittelunvertr\u00e4glichkeiten<\/label><input type=\"text\" id=\"wpforms-17189-field_40\" class=\"wpforms-field-medium\" name=\"wpforms[fields][40]\" ><\/div><\/div><\/div><\/div><div id=\"wpforms-17189-field_41-container\" class=\"wpforms-field wpforms-field-divider wpforms-conditional-field wpforms-conditional-show\" data-field-id=\"41\" style=\"display:none;\"><h3 id=\"wpforms-17189-field_41\">Rechteerkl\u00e4rung<\/h3><div class=\"wpforms-field-description\">Im Rahmen der Veranstaltung wirst Du auch an Workshops teilnehmen und in diesem Zuge ggf. Ergebnisse (z.B. Text-, Bild-, Film- und\/oder Tonmaterial) hervorbringen, die einen urheberrechtlichen Schutz genie\u00dfen k\u00f6nnen. Mit dieser Erkl\u00e4rung soll die young leaders GmbH dazu in die Lage versetzt werden, diese Arbeitsergebnisse auf der Grundlage einfacher Nutzungsrechte nutzen zu k\u00f6nnen. \n\n<br \/>\n<br \/>\n\nW\u00e4hrend der Veranstaltung werden Fotos und Videoaufnahmen angefertigt, sowohl im Rahmen der Workshops als auch als Dokumentation der Veranstaltung selbst. Da auf diesen Foto- und Videoaufzeichnungen ggf. auch Du erkennbar bist, sieht diese Erkl\u00e4rung die Erlaubnis vor, die Aufnahmen zu ver\u00f6ffentlichen.\n\n<br \/>\n<br \/>\n\nDas Rechteformular kannst Du nachfolgend herunterladen.\nBitte lade das Formular anschlie\u00dfend <b> vollst\u00e4ndig gut leserlich ausgef\u00fcllt und unterschrieben <\/b> hoch und benenne das Formular wie folgt: \"Nachname, Vorname_Rechte_ylW_26_03_Hannover\". Bitte beachte, dass der Upload nur im .pdf-Format m\u00f6glich ist.\n\n<br \/>\n<br \/>\n\nBei R\u00fcckfragen stehen wir Dir und Deinen Erziehungsberechtigten gern unter 030 - 200 59 79 0 zur Verf\u00fcgung.<\/div><\/div><div id=\"wpforms-17189-field_44-container\" class=\"wpforms-field wpforms-field-content wpforms-conditional-field wpforms-conditional-show\" data-field-id=\"44\" style=\"display:none;\"><div id=\"wpforms-17189-field_44\" class=\"wpforms-field-large wpforms-field-row\"><h4 style=\"text-align:center\"><a href=\"https:\/\/young-leaders.net\/wp-content\/uploads\/2026\/03\/Rechte_-ylW_26_03_Hannover.pdf\" target=\"_blank\" rel=\"noopener\"><strong><img loading=\"lazy\" decoding=\"async\" class=\"aligncenter\" src=\"https:\/\/young-leaders.net\/wp-content\/uploads\/2023\/03\/Download_yl_50px.png\" alt=\"\" width=\"50\" height=\"50\" \/><\/strong><strong>Download Einverst\u00e4ndniserkl\u00e4rung<\/strong><\/a><\/h4>\n<div class=\"wpforms-field-content-display-frontend-clear\"><\/div><\/div><\/div><div id=\"wpforms-17189-field_43-container\" class=\"wpforms-field wpforms-field-divider wpforms-conditional-field wpforms-conditional-show\" data-field-id=\"43\" style=\"display:none;\"><h3 id=\"wpforms-17189-field_43\">Rechteerkl\u00e4rung<\/h3><div class=\"wpforms-field-description\">Im Rahmen der Veranstaltung wirst Du auch an Workshops teilnehmen und in diesem Zuge ggf. Ergebnisse (z.B. Text-, Bild-, Film- und\/oder Tonmaterial) hervorbringen, die einen urheberrechtlichen Schutz genie\u00dfen k\u00f6nnen. Mit dieser Erkl\u00e4rung soll die young leaders GmbH dazu in die Lage versetzt werden, diese Arbeitsergebnisse auf der Grundlage einfacher Nutzungsrechte nutzen zu k\u00f6nnen. \n\n<br \/>\n<br \/>\n\nW\u00e4hrend der Veranstaltung werden Fotos und Videoaufnahmen angefertigt, sowohl im Rahmen der Workshops als auch als Dokumentation der Veranstaltung selbst. Da auf diesen Foto- und Videoaufzeichnungen ggf. auch Du erkennbar bist, sieht diese Erkl\u00e4rung die Erlaubnis vor, die Aufnahmen zu ver\u00f6ffentlichen.\n\n<br \/>\n<br \/>\n\nDas Rechteformular kannst Du nachfolgend herunterladen.\nBitte lade das Formular anschlie\u00dfend <b> vollst\u00e4ndig gut leserlich ausgef\u00fcllt und unterschrieben <\/b> hoch und benenne das Formular wie folgt: \"Nachname, Vorname_Rechte_ylW_26_04_M\u00fcnchen\". Bitte beachte, dass der Upload nur im .pdf-Format m\u00f6glich ist.\n\n<br \/>\n<br \/>\n\nBei R\u00fcckfragen stehen wir Dir und Deinen Erziehungsberechtigten gern unter 030 - 200 59 79 0 zur Verf\u00fcgung.<\/div><\/div><div id=\"wpforms-17189-field_53-container\" class=\"wpforms-field wpforms-field-content wpforms-conditional-field wpforms-conditional-show\" data-field-id=\"53\" style=\"display:none;\"><div id=\"wpforms-17189-field_53\" class=\"wpforms-field-large wpforms-field-row\"><h4 style=\"text-align:center\"><a href=\"https:\/\/young-leaders.net\/wp-content\/uploads\/2026\/03\/Rechte_-ylW_26_04_Muenchen.pdf\" target=\"_blank\" rel=\"noopener\"><strong><img loading=\"lazy\" decoding=\"async\" class=\"aligncenter\" src=\"https:\/\/young-leaders.net\/wp-content\/uploads\/2023\/03\/Download_yl_50px.png\" alt=\"\" width=\"50\" height=\"50\" \/><\/strong><strong>Download Einverst\u00e4ndniserkl\u00e4rung<\/strong><\/a><\/h4>\n<div class=\"wpforms-field-content-display-frontend-clear\"><\/div><\/div><\/div><div id=\"wpforms-17189-field_18-container\" class=\"wpforms-field wpforms-field-file-upload\" data-field-id=\"18\"><label class=\"wpforms-field-label\" for=\"wpforms-17189-field_18\">Upload ausgef\u00fcllte und unterschriebene Rechteerkl\u00e4rung <span class=\"wpforms-required-label\">*<\/span><\/label><div\n\t\tclass=\"wpforms-uploader wpforms-field-required\"\n\t\tdata-field-id=\"18\"\n\t\tdata-form-id=\"17189\"\n\t\tdata-input-name=\"wpforms_17189_18\"\n\t\tdata-extensions=\"pdf\"\n\t\tdata-max-size=\"67108864\"\n\t\tdata-max-file-number=\"1\"\n\t\tdata-post-max-size=\"67108864\"\n\t\tdata-max-parallel-uploads=\"4\"\n\t\tdata-parallel-uploads=\"true\"\n\t\tdata-file-chunk-size=\"2097152\">\n\t<div class=\"dz-message\">\n\t\t<svg  viewBox=\"0 0 640 640\" focusable=\"false\" data-icon=\"inbox\" width=\"50px\" height=\"50px\" fill=\"currentColor\" aria-hidden=\"true\">\n\t\t\t<path d=\"M352 173.3L352 384C352 401.7 337.7 416 320 416C302.3 416 288 401.7 288 384L288 173.3L246.6 214.7C234.1 227.2 213.8 227.2 201.3 214.7C188.8 202.2 188.8 181.9 201.3 169.4L297.3 73.4C309.8 60.9 330.1 60.9 342.6 73.4L438.6 169.4C451.1 181.9 451.1 202.2 438.6 214.7C426.1 227.2 405.8 227.2 393.3 214.7L352 173.3zM320 464C364.2 464 400 428.2 400 384L480 384C515.3 384 544 412.7 544 448L544 480C544 515.3 515.3 544 480 544L160 544C124.7 544 96 515.3 96 480L96 448C96 412.7 124.7 384 160 384L240 384C240 428.2 275.8 464 320 464zM464 488C477.3 488 488 477.3 488 464C488 450.7 477.3 440 464 440C450.7 440 440 450.7 440 464C440 477.3 450.7 488 464 488z\"\/>\n\t\t<\/svg>\n\n\t\t<span class=\"modern-title\">\n\t\t\t\t\t\t\tDrag &amp; Drop Files, \t\t\t\t<span>Choose Files to Upload<\/span>\n\t\t\t\t\t<\/span>\n\n\t\t\t<\/div>\n<\/div>\n\n<input\n\t\ttype=\"text\"\n\t\tautocomplete=\"off\"\n\t\treadonly\n\t\tclass=\"dropzone-input\"\n\t\tstyle=\"position:absolute!important;clip:rect(0,0,0,0)!important;height:1px!important;width:1px!important;border:0!important;overflow:hidden!important;padding:0!important;margin:0!important;\"\n\t\tid=\"wpforms-17189-field_18\"\n\t\tname=\"wpforms_17189_18\" required\t\tvalue=\"\">\n<div class=\"wpforms-field-description\">Upload <b> nur im .pdf-Format <\/b>m\u00f6glich. Bitte o.g. korrekte Benennung der Datei beachten.<\/div><\/div><\/div><!-- .wpforms-field-container --><div class=\"wpforms-submit-container\" ><input type=\"hidden\" name=\"wpforms[id]\" value=\"17189\"><input type=\"hidden\" name=\"page_title\" value=\"\"><input type=\"hidden\" name=\"page_url\" value=\"https:\/\/young-leaders.net\/en\/wp-json\/wp\/v2\/pages\/17230\"><input type=\"hidden\" name=\"url_referer\" value=\"\"><button type=\"submit\" name=\"wpforms[submit]\" id=\"wpforms-submit-17189\" class=\"wpforms-submit\" data-alt-text=\"Senden\u2026\" data-submit-text=\"Absenden\" aria-live=\"assertive\" value=\"wpforms-submit\">Absenden<\/button><img loading=\"lazy\" decoding=\"async\" src=\"https:\/\/young-leaders.net\/wp-content\/plugins\/wpforms\/assets\/images\/submit-spin.svg\" class=\"wpforms-submit-spinner\" style=\"display: none;\" width=\"26\" height=\"26\" alt=\"Loading\"><\/div><\/form><\/div>  <!-- .wpforms-container --><\/div><\/div><div class=\"wpb_column vc_column_container\"><div class=\"vc_column-inner\"><div class=\"w-image align_none\"><a title=\"Einaldung ylW Berlin\" target=\"_blank\" rel=\"nofollow\" href=\"https:\/\/young-leaders.net\/wp-content\/uploads\/2023\/03\/Einladung-young-leaders-Workshop-Frankfurt-am-Main-am-05.-07.-Mai-2023.pdf\" aria-label=\"FRA_blau\" class=\"w-image-h\"><img decoding=\"async\" width=\"800\" height=\"800\" src=\"https:\/\/young-leaders.net\/wp-content\/uploads\/2023\/04\/FRA_blau.png\" class=\"attachment-large size-large\" alt=\"\" loading=\"lazy\" srcset=\"https:\/\/young-leaders.net\/wp-content\/uploads\/2023\/04\/FRA_blau.png 800w, https:\/\/young-leaders.net\/wp-content\/uploads\/2023\/04\/FRA_blau-300x300.png 300w, https:\/\/young-leaders.net\/wp-content\/uploads\/2023\/04\/FRA_blau-150x150.png 150w, https:\/\/young-leaders.net\/wp-content\/uploads\/2023\/04\/FRA_blau-120x120.png 120w, https:\/\/young-leaders.net\/wp-content\/uploads\/2023\/04\/FRA_blau-400x400.png 400w, https:\/\/young-leaders.net\/wp-content\/uploads\/2023\/04\/FRA_blau-70x70.png 70w\" sizes=\"auto, (max-width: 800px) 100vw, 800px\" \/><\/a><\/div><div class=\"w-separator size_medium\"><\/div><div class=\"w-image align_none\"><a title=\"Invitation ylW M\u00fcnster\" target=\"_blank\" rel=\"nofollow\" href=\"https:\/\/young-leaders.net\/wp-content\/uploads\/2023\/03\/Einladung-young-leaders-Workshop-Muenchen-am-05.-07.-Ma-i-2023.pdf\" aria-label=\"M\u00dcN_gr\u00fcn (ganz hM)\" class=\"w-image-h\"><img decoding=\"async\" width=\"800\" height=\"800\" src=\"https:\/\/young-leaders.net\/wp-content\/uploads\/2023\/04\/MUeN_gruen-ganz-hM.png\" class=\"attachment-large size-large\" alt=\"\" loading=\"lazy\" srcset=\"https:\/\/young-leaders.net\/wp-content\/uploads\/2023\/04\/MUeN_gruen-ganz-hM.png 800w, https:\/\/young-leaders.net\/wp-content\/uploads\/2023\/04\/MUeN_gruen-ganz-hM-300x300.png 300w, https:\/\/young-leaders.net\/wp-content\/uploads\/2023\/04\/MUeN_gruen-ganz-hM-150x150.png 150w, https:\/\/young-leaders.net\/wp-content\/uploads\/2023\/04\/MUeN_gruen-ganz-hM-120x120.png 120w, https:\/\/young-leaders.net\/wp-content\/uploads\/2023\/04\/MUeN_gruen-ganz-hM-400x400.png 400w, https:\/\/young-leaders.net\/wp-content\/uploads\/2023\/04\/MUeN_gruen-ganz-hM-70x70.png 70w\" sizes=\"auto, (max-width: 800px) 100vw, 800px\" \/><\/a><\/div><\/div><\/div><\/div><\/div><\/section>\n","protected":false},"excerpt":{"rendered":"young leaders workshops Please enable JavaScript in your browser to complete this form.Zu welchem Workshop hast Du eine Zusage erhalten? *Workshop ausw\u00e4hlenyoung leaders Workshop am 20. - 22. M\u00e4rz 2026 in Hannoveryoung leaders Workshop am 20. - 22. M\u00e4rz 2026 in M\u00fcnchenStammdaten-ErfassungAnrede *FrauHerrDiversNachname *Vorname *E-Mail *HandynummerTeilnahmebest\u00e4tigungTeilnahmebest\u00e4tigung *Hiermit best\u00e4tige ich meine verbindliche Teilnahme am young leaders...","protected":false},"author":3,"featured_media":0,"parent":17211,"menu_order":0,"comment_status":"closed","ping_status":"closed","template":"","meta":{"footnotes":""},"class_list":["post-17230","page","type-page","status-publish","hentry"],"_links":{"self":[{"href":"https:\/\/young-leaders.net\/en\/wp-json\/wp\/v2\/pages\/17230","targetHints":{"allow":["GET"]}}],"collection":[{"href":"https:\/\/young-leaders.net\/en\/wp-json\/wp\/v2\/pages"}],"about":[{"href":"https:\/\/young-leaders.net\/en\/wp-json\/wp\/v2\/types\/page"}],"author":[{"embeddable":true,"href":"https:\/\/young-leaders.net\/en\/wp-json\/wp\/v2\/users\/3"}],"replies":[{"embeddable":true,"href":"https:\/\/young-leaders.net\/en\/wp-json\/wp\/v2\/comments?post=17230"}],"version-history":[{"count":11,"href":"https:\/\/young-leaders.net\/en\/wp-json\/wp\/v2\/pages\/17230\/revisions"}],"predecessor-version":[{"id":17590,"href":"https:\/\/young-leaders.net\/en\/wp-json\/wp\/v2\/pages\/17230\/revisions\/17590"}],"up":[{"embeddable":true,"href":"https:\/\/young-leaders.net\/en\/wp-json\/wp\/v2\/pages\/17211"}],"wp:attachment":[{"href":"https:\/\/young-leaders.net\/en\/wp-json\/wp\/v2\/media?parent=17230"}],"curies":[{"name":"wp","href":"https:\/\/api.w.org\/{rel}","templated":true}]}}