{"id":17297,"date":"2023-02-28T16:11:27","date_gmt":"2023-02-28T16:11:27","guid":{"rendered":"https:\/\/young-leaders.net\/feedback\/young-leaders-academy"},"modified":"2023-04-18T10:46:00","modified_gmt":"2023-04-18T10:46:00","slug":"young-leaders-academy","status":"publish","type":"page","link":"https:\/\/young-leaders.net\/en\/feedback\/young-leaders-academy","title":{"rendered":"young leaders academy"},"content":{"rendered":"<section class=\"l-section wpb_row us_custom_e28183d5 hide_on_mobiles height_large color_primary with_slider\"><div class=\"l-section-slider\"><div class=\"w-slider style_none fit_cover nav_none count_6\"><div class=\"w-slider-h\" aria-hidden=\"true\"><div class=\"royalSlider\"><div class=\"rsContent\"><a class=\"rsImg\" data-rsw=\"1920\" data-rsh=\"300\" href=\"https:\/\/young-leaders.net\/wp-content\/uploads\/2022\/11\/1-JZF-3.jpg\"><span data-alt=\"\"><\/span><\/a><\/div><div class=\"rsContent\"><a class=\"rsImg\" data-rsw=\"1920\" data-rsh=\"300\" href=\"https:\/\/young-leaders.net\/wp-content\/uploads\/2022\/11\/18-jpk.jpg\"><span data-alt=\"\"><\/span><\/a><\/div><div class=\"rsContent\"><a class=\"rsImg\" data-rsw=\"1920\" data-rsh=\"300\" href=\"https:\/\/young-leaders.net\/wp-content\/uploads\/2022\/10\/veranstaltungen-header-2.png\"><span data-alt=\"\"><\/span><\/a><\/div><div class=\"rsContent\"><a class=\"rsImg\" data-rsw=\"1920\" data-rsh=\"300\" href=\"https:\/\/young-leaders.net\/wp-content\/uploads\/2023\/02\/Hader_ylA_neu_Nikutta.png\"><span data-alt=\"\"><\/span><\/a><\/div><div class=\"rsContent\"><a class=\"rsImg\" data-rsw=\"1920\" data-rsh=\"300\" href=\"https:\/\/young-leaders.net\/wp-content\/uploads\/2022\/11\/6-ylA.jpg\"><span data-alt=\"\"><\/span><\/a><\/div><div class=\"rsContent\"><a class=\"rsImg\" data-rsw=\"1920\" data-rsh=\"300\" href=\"https:\/\/young-leaders.net\/wp-content\/uploads\/2022\/10\/jugend-presse-kongress-header-3.png\"><span data-alt=\"\"><\/span><\/a><\/div><\/div><img decoding=\"async\" src=\"https:\/\/young-leaders.net\/wp-content\/uploads\/2022\/11\/1-JZF-3.jpg\" width=\"1920\" height=\"300\" alt loading=\"lazy\"><\/div><div class=\"w-slider-json\" onclick='return {&quot;autoScaleSlider&quot;:true,&quot;addActiveClass&quot;:true,&quot;loop&quot;:true,&quot;fadeInLoadedSlide&quot;:false,&quot;slidesSpacing&quot;:0,&quot;imageScalePadding&quot;:0,&quot;numImagesToPreload&quot;:2,&quot;arrowsNav&quot;:false,&quot;arrowsNavAutoHide&quot;:false,&quot;transitionType&quot;:&quot;fade&quot;,&quot;transitionSpeed&quot;:1000,&quot;block&quot;:{&quot;moveEffect&quot;:&quot;none&quot;,&quot;speed&quot;:300},&quot;thumbs&quot;:{&quot;fitInViewport&quot;:false,&quot;firstMargin&quot;:false,&quot;spacing&quot;:4},&quot;controlNavigation&quot;:&quot;none&quot;,&quot;autoplay&quot;:{&quot;enabled&quot;:true,&quot;pauseOnHover&quot;:false,&quot;delay&quot;:3000},&quot;autoScaleSliderWidth&quot;:1920,&quot;autoScaleSliderHeight&quot;:300}'><\/div><\/div><\/div><div class=\"l-section-h i-cf\"><div class=\"g-cols vc_row via_grid cols_1 laptops-cols_inherit tablets-cols_inherit mobiles-cols_1 valign_middle type_default stacking_default\"><div class=\"wpb_column vc_column_container\"><div class=\"vc_column-inner\"><div class=\"wpb_text_column\"><div class=\"wpb_wrapper\"><h2><span class=\"headingGreenBG\"><em>young leaders academy<\/em><\/span><\/h2>\n<\/div><\/div><\/div><\/div><\/div><\/div><\/section><section class=\"l-section wpb_row hide_on_default hide_on_laptops hide_on_tablets hide_on_mobiles height_medium\"><div class=\"l-section-h i-cf\"><div class=\"g-cols vc_row via_grid cols_1 laptops-cols_inherit tablets-cols_inherit mobiles-cols_1 valign_top type_default stacking_default\"><div class=\"wpb_column vc_column_container\"><div class=\"vc_column-inner\"><div class=\"wpforms-container \" id=\"wpforms-17265\"><form id=\"wpforms-form-17265\" class=\"wpforms-validate wpforms-form wpforms-ajax-form\" data-formid=\"17265\" method=\"post\" enctype=\"multipart\/form-data\" action=\"\/en\/wp-json\/wp\/v2\/pages\/17297?wpforms_form_id=17265\" data-token=\"ace9385d78d123fa92b41b2219cca455\" data-token-time=\"1776763239\"><noscript class=\"wpforms-error-noscript\">Please enable JavaScript in your browser to complete this form.<\/noscript><div class=\"wpforms-page-indicator progress\" data-indicator=\"progress\" data-indicator-color=\"#72b239\" data-scroll=\"1\"><span class=\"wpforms-page-indicator-page-title\" ><\/span><span class=\"wpforms-page-indicator-page-title-sep\" style=\"display:none;\"> - <\/span><span class=\"wpforms-page-indicator-steps\">Step <span class=\"wpforms-page-indicator-steps-current\">1<\/span> of 5<\/span><div class=\"wpforms-page-indicator-page-progress-wrap\"><div class=\"wpforms-page-indicator-page-progress\" style=\"width:20%;background-color:#72b239\"><\/div><\/div><\/div><div class=\"wpforms-field-container\"><div class=\"wpforms-page wpforms-page-1 \" data-page=\"1\"><div id=\"wpforms-17265-field_29-container\" class=\"wpforms-field wpforms-field-pagebreak\" data-field-id=\"29\"><\/div><div id=\"wpforms-17265-field_14-container\" class=\"wpforms-field wpforms-field-layout\" data-field-id=\"14\"><div class=\"wpforms-field-layout-columns wpforms-field-layout-preset-50-50\"><div class=\"wpforms-layout-column wpforms-layout-column-50\" ><div id=\"wpforms-17265-field_12-container\" class=\"wpforms-field wpforms-field-text\" data-field-id=\"12\"><label class=\"wpforms-field-label\" for=\"wpforms-17265-field_12\">Name <span class=\"wpforms-required-label\">*<\/span><\/label><input type=\"text\" id=\"wpforms-17265-field_12\" class=\"wpforms-field-small wpforms-field-required\" name=\"wpforms[fields][12]\" required><\/div><div id=\"wpforms-17265-field_13-container\" class=\"wpforms-field wpforms-field-text\" data-field-id=\"13\"><label class=\"wpforms-field-label\" for=\"wpforms-17265-field_13\">Vorname <span class=\"wpforms-required-label\">*<\/span><\/label><input type=\"text\" id=\"wpforms-17265-field_13\" class=\"wpforms-field-medium wpforms-field-required\" name=\"wpforms[fields][13]\" required><\/div><\/div><div class=\"wpforms-layout-column wpforms-layout-column-50\" ><div id=\"wpforms-17265-field_6-container\" class=\"wpforms-field wpforms-field-email\" data-field-id=\"6\"><label class=\"wpforms-field-label\" for=\"wpforms-17265-field_6\">E-Mail <span class=\"wpforms-required-label\">*<\/span><\/label><input type=\"email\" id=\"wpforms-17265-field_6\" class=\"wpforms-field-medium wpforms-field-required\" name=\"wpforms[fields][6]\" spellcheck=\"false\" required><\/div><div id=\"wpforms-17265-field_15-container\" class=\"wpforms-field wpforms-field-phone\" data-field-id=\"15\"><label class=\"wpforms-field-label\" for=\"wpforms-17265-field_15\">Handynummer<\/label><input type=\"tel\" id=\"wpforms-17265-field_15\" class=\"wpforms-field-medium wpforms-smart-phone-field\" data-rule-smart-phone-field=\"true\" name=\"wpforms[fields][15]\" aria-label=\"Handynummer\" ><\/div><\/div><\/div><\/div><div id=\"wpforms-17265-field_10-container\" class=\"wpforms-field wpforms-field-checkbox\" data-field-id=\"10\"><label class=\"wpforms-field-label\">Teilnahmebest\u00e4tigung <span class=\"wpforms-required-label\">*<\/span><\/label><ul id=\"wpforms-17265-field_10\" class=\"wpforms-field-required\"><li class=\"choice-3 depth-1\"><input type=\"checkbox\" id=\"wpforms-17265-field_10_3\" name=\"wpforms[fields][10][]\" value=\"Hiermit best\u00e4tige ich meine &lt;b&gt; verbindliche Teilnahme &lt;\/b&gt;an der 83. &lt;i&gt; young leaders Akademie &lt;\/i&gt; am 15. - 20. Oktober 2024 in Paderborn.\" required ><label class=\"wpforms-field-label-inline\" for=\"wpforms-17265-field_10_3\">Hiermit best\u00e4tige ich meine <b> verbindliche Teilnahme <\/b>an der 83. <i> young leaders Akademie <\/i> am 15. - 20. Oktober 2024 in Paderborn.<\/label><\/li><\/ul><\/div><div id=\"wpforms-17265-field_28-container\" class=\"wpforms-field wpforms-field-pagebreak\" data-field-id=\"28\"><div class=\"wpforms-clear wpforms-pagebreak-left\"><button class=\"wpforms-page-button wpforms-page-next\" data-action=\"next\" data-page=\"1\" data-formid=\"17265\" disabled>Weiter<\/button><\/div><\/div><\/div><div class=\"wpforms-page wpforms-page-2  \" data-page=\"2\" style=\"display:none;\"><div id=\"wpforms-17265-field_63-container\" class=\"wpforms-field wpforms-field-divider\" data-field-id=\"63\"><h3 id=\"wpforms-17265-field_63\">Anreise<\/h3><div class=\"wpforms-field-description\">Zur Planung der Anreise bitten wir um Mitteilung, ob Du mit dem Fernverkehr oder dem Regionalverkehr anreisen wirst. <br \/>\nSofern m\u00f6glich und sinnvoll ist eine Anreise per Regionalverkehr vorzugsw\u00fcrdig.<\/div><\/div><div id=\"wpforms-17265-field_62-container\" class=\"wpforms-field wpforms-field-radio\" data-field-id=\"62\"><label class=\"wpforms-field-label\">Ich reise per... <span class=\"wpforms-required-label\">*<\/span><\/label><ul id=\"wpforms-17265-field_62\" class=\"wpforms-field-required\"><li class=\"choice-1 depth-1\"><input type=\"radio\" id=\"wpforms-17265-field_62_1\" name=\"wpforms[fields][62]\" value=\"... Fernverkehr an und ben\u00f6tige ein Veranstaltungsticket.\" required ><label class=\"wpforms-field-label-inline\" for=\"wpforms-17265-field_62_1\">... Fernverkehr an und ben\u00f6tige ein Veranstaltungsticket.<\/label><\/li><li class=\"choice-2 depth-1\"><input type=\"radio\" id=\"wpforms-17265-field_62_2\" name=\"wpforms[fields][62]\" value=\"... Regionalverkehr an und l\u00f6se mir selbstst\u00e4ndig ein Regionalverkehrsticket, das mir gegen Vorlage des Belegs auf der Veranstaltung erstattet wird.\" required ><label class=\"wpforms-field-label-inline\" for=\"wpforms-17265-field_62_2\">... Regionalverkehr an und l\u00f6se mir selbstst\u00e4ndig ein Regionalverkehrsticket, das mir gegen Vorlage des Belegs auf der Veranstaltung erstattet wird.<\/label><\/li><li class=\"choice-3 depth-1\"><input type=\"radio\" id=\"wpforms-17265-field_62_3\" name=\"wpforms[fields][62]\" value=\"... Regionalverkehr an und besitze ein Semester-\/ Sch\u00fcler- \/ 49-Euro-Ticket.\" required ><label class=\"wpforms-field-label-inline\" for=\"wpforms-17265-field_62_3\">... Regionalverkehr an und besitze ein Semester-\/ Sch\u00fcler- \/ 49-Euro-Ticket.<\/label><\/li><\/ul><\/div><div id=\"wpforms-17265-field_61-container\" class=\"wpforms-field wpforms-field-pagebreak\" data-field-id=\"61\"><div class=\"wpforms-clear wpforms-pagebreak-left\"><button class=\"wpforms-page-button wpforms-page-next\" data-action=\"next\" data-page=\"2\" data-formid=\"17265\" disabled>Weiter<\/button><\/div><\/div><\/div><div class=\"wpforms-page wpforms-page-3  \" data-page=\"3\" style=\"display:none;\"><div id=\"wpforms-17265-field_69-container\" class=\"wpforms-field wpforms-field-divider\" data-field-id=\"69\"><h3 id=\"wpforms-17265-field_69\">Verplfegungsw\u00fcnsche<\/h3><\/div><div id=\"wpforms-17265-field_71-container\" class=\"wpforms-field wpforms-field-select wpforms-field-select-style-classic\" data-field-id=\"71\"><label class=\"wpforms-field-label\" for=\"wpforms-17265-field_71\">Verpflegungswunsch<\/label><select id=\"wpforms-17265-field_71\" class=\"wpforms-field-medium\" name=\"wpforms[fields][71]\"><option value=\"\" class=\"placeholder\" disabled  selected='selected'>falls erforderlich, bitte ausw\u00e4hlen<\/option><option value=\"vegetarisch\"  class=\"choice-1 depth-1\"  >vegetarisch<\/option><option value=\"vegan\"  class=\"choice-2 depth-1\"  >vegan<\/option><option value=\"kein Schweinefleisch\"  class=\"choice-3 depth-1\"  >kein Schweinefleisch<\/option><\/select><div class=\"wpforms-field-description\">Falls Du eine besondere Verpflegungsform w\u00fcnschst, bitte hier angeben.<\/div><\/div><div id=\"wpforms-17265-field_72-container\" class=\"wpforms-field wpforms-field-text\" data-field-id=\"72\"><label class=\"wpforms-field-label\" for=\"wpforms-17265-field_72\">Lebensmittelunvertr\u00e4glichkeiten<\/label><input type=\"text\" id=\"wpforms-17265-field_72\" class=\"wpforms-field-medium\" name=\"wpforms[fields][72]\" ><\/div><div id=\"wpforms-17265-field_70-container\" class=\"wpforms-field wpforms-field-pagebreak\" data-field-id=\"70\"><div class=\"wpforms-clear wpforms-pagebreak-left\"><button class=\"wpforms-page-button wpforms-page-next\" data-action=\"next\" data-page=\"3\" data-formid=\"17265\" disabled>Weiter<\/button><\/div><\/div><\/div><div class=\"wpforms-page wpforms-page-4  \" data-page=\"4\" style=\"display:none;\"><div id=\"wpforms-17265-field_27-container\" class=\"wpforms-field wpforms-field-divider\" data-field-id=\"27\"><h3 id=\"wpforms-17265-field_27\">Rechteerkl\u00e4rung<\/h3><div class=\"wpforms-field-description\">Im Rahmen der Veranstaltung wirst Du auch an Workshops teilnehmen und in diesem Zuge ggf. Ergebnisse (z.B. Text-, Bild-, Film- und\/oder Tonmaterial) hervorbringen, die einen urheberrechtlichen Schutz genie\u00dfen k\u00f6nnen. Mit dieser Erkl\u00e4rung soll die young leaders GmbH dazu in die Lage versetzt werden, diese Arbeitsergebnisse auf der Grundlage einfacher Nutzungsrechte nutzen zu k\u00f6nnen. \n\n<br \/>\n<br \/>\n\nW\u00e4hrend der Veranstaltung werden Fotos und Videoaufnahmen angefertigt, sowohl im Rahmen der Workshops als auch als Dokumentation der Veranstaltung selbst. Da auf diesen Foto- und Videoaufzeichnungen ggf. auch Du erkennbar bist, sieht diese Erkl\u00e4rung die Erlaubnis vor, die Aufnahmen zu ver\u00f6ffentlichen.\n\n<br \/>\n<br \/>\n\nDas Rechteformular kannst Du nachfolgend herunterladen.\nBitte lade das Formular anschlie\u00dfend <b> vollst\u00e4ndig gut leserlich ausgef\u00fcllt und unterschrieben <\/b> hoch und benenne das Formular wie folgt: \"83_ylA_Rechte_Nachname, Vorname\". Bitte beachte, dass der Upload nur im .pdf-Format m\u00f6glich ist.\n\n<br \/>\n<br \/>\n\nBei R\u00fcckfragen stehen wir Dir und Deinen Erziehungsberechtigten gern unter 030 - 200 59 79 0 zur Verf\u00fcgung.<\/div><\/div><div id=\"wpforms-17265-field_50-container\" class=\"wpforms-field wpforms-field-content\" data-field-id=\"50\"><div id=\"wpforms-17265-field_50\" class=\"wpforms-field-large wpforms-field-row\"><h4 style=\"text-align:center\"><a rel=\"noopener\" target=\"_blank\" href=\"https:\/\/young-leaders.net\/wp-content\/uploads\/2024\/09\/Rechte_83ylA.pdf\" title=\"Rechteformular 83. ylA\"><strong><img loading=\"lazy\" decoding=\"async\" height=\"50\" width=\"50\" alt=\"\" src=\"https:\/\/young-leaders.net\/wp-content\/uploads\/2023\/03\/Download_yl_50px.png\" class=\"aligncenter\" \/>Download Einvest\u00e4ndniserkl\u00e4rung<\/strong><\/a><\/h4>\n<div class=\"wpforms-field-content-display-frontend-clear\"><\/div><\/div><\/div><div id=\"wpforms-17265-field_18-container\" class=\"wpforms-field wpforms-field-file-upload\" data-field-id=\"18\"><label class=\"wpforms-field-label\" for=\"wpforms-17265-field_18\">Upload ausgef\u00fcllte und unterschriebene Rechteerkl\u00e4rung <span class=\"wpforms-required-label\">*<\/span><\/label><div\n\t\tclass=\"wpforms-uploader wpforms-field-required\"\n\t\tdata-field-id=\"18\"\n\t\tdata-form-id=\"17265\"\n\t\tdata-input-name=\"wpforms_17265_18\"\n\t\tdata-extensions=\"pdf\"\n\t\tdata-max-size=\"67108864\"\n\t\tdata-max-file-number=\"1\"\n\t\tdata-post-max-size=\"67108864\"\n\t\tdata-max-parallel-uploads=\"4\"\n\t\tdata-parallel-uploads=\"true\"\n\t\tdata-file-chunk-size=\"2097152\">\n\t<div class=\"dz-message\">\n\t\t<svg  viewBox=\"0 0 640 640\" focusable=\"false\" data-icon=\"inbox\" width=\"50px\" height=\"50px\" fill=\"currentColor\" aria-hidden=\"true\">\n\t\t\t<path d=\"M352 173.3L352 384C352 401.7 337.7 416 320 416C302.3 416 288 401.7 288 384L288 173.3L246.6 214.7C234.1 227.2 213.8 227.2 201.3 214.7C188.8 202.2 188.8 181.9 201.3 169.4L297.3 73.4C309.8 60.9 330.1 60.9 342.6 73.4L438.6 169.4C451.1 181.9 451.1 202.2 438.6 214.7C426.1 227.2 405.8 227.2 393.3 214.7L352 173.3zM320 464C364.2 464 400 428.2 400 384L480 384C515.3 384 544 412.7 544 448L544 480C544 515.3 515.3 544 480 544L160 544C124.7 544 96 515.3 96 480L96 448C96 412.7 124.7 384 160 384L240 384C240 428.2 275.8 464 320 464zM464 488C477.3 488 488 477.3 488 464C488 450.7 477.3 440 464 440C450.7 440 440 450.7 440 464C440 477.3 450.7 488 464 488z\"\/>\n\t\t<\/svg>\n\n\t\t<span class=\"modern-title\">\n\t\t\t\t\t\t\tDrag &amp; Drop Files, \t\t\t\t<span>Choose Files to Upload<\/span>\n\t\t\t\t\t<\/span>\n\n\t\t\t<\/div>\n<\/div>\n\n<input\n\t\ttype=\"text\"\n\t\tautocomplete=\"off\"\n\t\treadonly\n\t\tclass=\"dropzone-input\"\n\t\tstyle=\"position:absolute!important;clip:rect(0,0,0,0)!important;height:1px!important;width:1px!important;border:0!important;overflow:hidden!important;padding:0!important;margin:0!important;\"\n\t\tid=\"wpforms-17265-field_18\"\n\t\tname=\"wpforms_17265_18\" required\t\tvalue=\"\">\n<div class=\"wpforms-field-description\">Upload <b> nur im .pdf-Format <\/b>m\u00f6glich. Bitte o.g. korrekte Benennung der Datei beachten.<\/div><\/div><div id=\"wpforms-17265-field_52-container\" class=\"wpforms-field wpforms-field-pagebreak\" data-field-id=\"52\"><div class=\"wpforms-clear wpforms-pagebreak-left\"><button class=\"wpforms-page-button wpforms-page-prev\" data-action=\"prev\" data-page=\"4\" data-formid=\"17265\" disabled>Zur\u00fcck<\/button><button class=\"wpforms-page-button wpforms-page-next\" data-action=\"next\" data-page=\"4\" data-formid=\"17265\" disabled>Weiter<\/button><\/div><\/div><\/div><div class=\"wpforms-page wpforms-page-5 last \" data-page=\"5\" style=\"display:none;\"><div id=\"wpforms-17265-field_48-container\" class=\"wpforms-field wpforms-field-entry-preview\" data-field-id=\"48\"><div class=\"wpforms-entry-preview-updating-message\">Updating preview\u2026<\/div><div class=\"wpforms-entry-preview-notice\" style=\"display: none;\"><strong>Dies ist eine Vorschau Deiner \u00dcbermittlung. Sie ist noch nicht eingereicht worden!<\/strong><br \/>\nBitte nimm Dir einen Moment Zeit, um Deine Angaben zu \u00fcberpr\u00fcfen. Du kannst auch zur\u00fcckgehen, um \u00c4nderungen vorzunehmen.<\/div><div class=\"wpforms-entry-preview-wrapper\" style=\"display: none;\"><\/div><\/div><div id=\"wpforms-17265-field_0-container\" class=\"wpforms-field wpforms-field-hidden\" data-field-id=\"0\"><input type=\"hidden\" id=\"wpforms-17265-field_0\" name=\"wpforms[fields][0]\" value=\"en\"><\/div><div id=\"wpforms-17265-field_30-container\" class=\"wpforms-field wpforms-field-pagebreak\" data-field-id=\"30\"><div class=\"wpforms-clear wpforms-pagebreak-left\"><button class=\"wpforms-page-button wpforms-page-prev\" data-action=\"prev\" data-page=\"5\" data-formid=\"17265\" disabled>Zur\u00fcck<\/button><\/div><\/div><\/div><\/div><!-- .wpforms-field-container --><div class=\"wpforms-submit-container\" style=\"display:none;\"><input type=\"hidden\" name=\"wpforms[id]\" value=\"17265\"><input type=\"hidden\" name=\"page_title\" value=\"\"><input type=\"hidden\" name=\"page_url\" value=\"https:\/\/young-leaders.net\/en\/wp-json\/wp\/v2\/pages\/17297\"><input type=\"hidden\" name=\"url_referer\" value=\"\"><button type=\"submit\" name=\"wpforms[submit]\" id=\"wpforms-submit-17265\" class=\"wpforms-submit\" data-alt-text=\"Senden\u2026\" data-submit-text=\"Absenden\" aria-live=\"assertive\" value=\"wpforms-submit\">Absenden<\/button><img loading=\"lazy\" decoding=\"async\" src=\"https:\/\/young-leaders.net\/wp-content\/plugins\/wpforms\/assets\/images\/submit-spin.svg\" class=\"wpforms-submit-spinner\" style=\"display: none;\" width=\"26\" height=\"26\" alt=\"Loading\"><\/div><\/form><\/div>  <!-- .wpforms-container --><\/div><\/div><\/div><\/div><\/section><section class=\"l-section wpb_row height_medium\"><div class=\"l-section-h i-cf\"><div class=\"g-cols vc_row via_grid cols_1 laptops-cols_inherit tablets-cols_inherit mobiles-cols_1 valign_top type_default stacking_default\"><div class=\"wpb_column vc_column_container\"><div class=\"vc_column-inner\"><div class=\"wpb_text_column\"><div class=\"wpb_wrapper\"><h2 style=\"text-align: center;\">Derzeit ist keine R\u00fcckmeldung zur <em>young leaders Akademie <\/em>m\u00f6glich. Bitte informiere Dich <a href=\"https:\/\/young-leaders.net\/veranstaltungen\/young-leaders-akademie\">hier<\/a> \u00fcber anstehende Termine.<\/h2>\n<\/div><\/div><\/div><\/div><\/div><\/div><\/section>\n","protected":false},"excerpt":{"rendered":"young leaders academy Please enable JavaScript in your browser to complete this form. - Step 1 of 5Name *Vorname *E-Mail *HandynummerTeilnahmebest\u00e4tigung *Hiermit best\u00e4tige ich meine verbindliche Teilnahme an der 83. young leaders Akademie am 15. - 20. Oktober 2024 in Paderborn.WeiterAnreiseZur Planung der Anreise bitten wir um Mitteilung, ob Du mit dem Fernverkehr oder dem...","protected":false},"author":3,"featured_media":0,"parent":17211,"menu_order":0,"comment_status":"closed","ping_status":"closed","template":"","meta":{"footnotes":""},"class_list":["post-17297","page","type-page","status-publish","hentry"],"_links":{"self":[{"href":"https:\/\/young-leaders.net\/en\/wp-json\/wp\/v2\/pages\/17297","targetHints":{"allow":["GET"]}}],"collection":[{"href":"https:\/\/young-leaders.net\/en\/wp-json\/wp\/v2\/pages"}],"about":[{"href":"https:\/\/young-leaders.net\/en\/wp-json\/wp\/v2\/types\/page"}],"author":[{"embeddable":true,"href":"https:\/\/young-leaders.net\/en\/wp-json\/wp\/v2\/users\/3"}],"replies":[{"embeddable":true,"href":"https:\/\/young-leaders.net\/en\/wp-json\/wp\/v2\/comments?post=17297"}],"version-history":[{"count":10,"href":"https:\/\/young-leaders.net\/en\/wp-json\/wp\/v2\/pages\/17297\/revisions"}],"predecessor-version":[{"id":17575,"href":"https:\/\/young-leaders.net\/en\/wp-json\/wp\/v2\/pages\/17297\/revisions\/17575"}],"up":[{"embeddable":true,"href":"https:\/\/young-leaders.net\/en\/wp-json\/wp\/v2\/pages\/17211"}],"wp:attachment":[{"href":"https:\/\/young-leaders.net\/en\/wp-json\/wp\/v2\/media?parent=17297"}],"curies":[{"name":"wp","href":"https:\/\/api.w.org\/{rel}","templated":true}]}}